{"id":9,"date":"2015-07-26T11:47:10","date_gmt":"2015-07-26T11:47:10","guid":{"rendered":"http:\/\/tennis-bodenheim.de\/?page_id=9"},"modified":"2026-03-05T16:14:06","modified_gmt":"2026-03-05T16:14:06","slug":"verein","status":"publish","type":"page","link":"https:\/\/www.tennis-bodenheim.de\/?page_id=9","title":{"rendered":"Verein"},"content":{"rendered":"<p>Der BTC (Bodenheimer Tennis-Centrum e.V.) ist ein wundersch\u00f6ner Tennis-Verein in eingewachsenem Gel\u00e4nde und idyllischer Randlage von Bodenheim.<\/p>\n<p>Sowohl Hobby-Spieler als auch ambitionierte Mannschafts-Spieler sind bei uns herzlich willkommen und wir freuen uns jederzeit \u00fcber weitere Interessenten. Dank hervorragender Jugendarbeit und erfahrenen Trainern mit offizieller Trainer Lizenz erfreut sich der Verein insbesondere bei der Tennis-Jugend der Verbandsgemeinde Bodenheim gro\u00dfer Beliebtheit.<\/p>\n<p>Seit 2019 fallen neben dem Vereinsbeitrag, welcher eine &#8222;Flatrate&#8220; beinhaltet keine weiteren Verpflichtungen wie z.B. Arbeitseins\u00e4tze an.<\/p>\n<p>Im Jahr 2026 spielen bei uns folgende aktive Mannschaften und haben den ganzen Winter bereits eifrig in der Halle trainiert:<\/p>\n<ul>\n<li>Herren<\/li>\n<li>Herren 40<\/li>\n<li>Damen 30<\/li>\n<li>M\u00e4dchen U18<\/li>\n<\/ul>\n<p>Die seit 2016 gemeldete Herren 30 Mannschaft hat sich in 2019 verj\u00fcngt und spielt seitdem als aktive Herren Mannschaft. Nach dem Aufstieg im Jahr 2025 spielen wir im Jahr 2026 in der A-Klasse. Wenn weitere engagierte Spieler hinzustossen w\u00fcrden wir gerne zuk\u00fcnftig noch eine zus\u00e4tzliche Herren 30 und Herren 50 oder Herren 55 Mannschaft melden.<\/p>\n<p>Auch die anderen Mannschaften freuen sich nat\u00fcrlich jederzeit \u00fcber weiteren Zuwachs. Die Herren 40 Mannschaft geht auch 2026 wieder als 6er Mannschaft gut trainiert ins Medenspieljahr.<\/p>\n<p>Unsere Damen 30-Mannschaft freut sich ebenfalls jederzeit \u00fcber weitere Mitglieder.<\/p>\n","protected":false},"excerpt":{"rendered":"<p>Der BTC (Bodenheimer Tennis-Centrum e.V.) ist ein wundersch\u00f6ner Tennis-Verein in eingewachsenem Gel\u00e4nde und idyllischer Randlage von Bodenheim. Sowohl Hobby-Spieler als<\/p>\n","protected":false},"author":1,"featured_media":0,"parent":0,"menu_order":0,"comment_status":"open","ping_status":"open","template":"page-templates\/contact.php","meta":{"footnotes":""},"class_list":["post-9","page","type-page","status-publish","hentry"],"_links":{"self":[{"href":"https:\/\/www.tennis-bodenheim.de\/index.php?rest_route=\/wp\/v2\/pages\/9","targetHints":{"allow":["GET"]}}],"collection":[{"href":"https:\/\/www.tennis-bodenheim.de\/index.php?rest_route=\/wp\/v2\/pages"}],"about":[{"href":"https:\/\/www.tennis-bodenheim.de\/index.php?rest_route=\/wp\/v2\/types\/page"}],"author":[{"embeddable":true,"href":"https:\/\/www.tennis-bodenheim.de\/index.php?rest_route=\/wp\/v2\/users\/1"}],"replies":[{"embeddable":true,"href":"https:\/\/www.tennis-bodenheim.de\/index.php?rest_route=%2Fwp%2Fv2%2Fcomments&post=9"}],"version-history":[{"count":30,"href":"https:\/\/www.tennis-bodenheim.de\/index.php?rest_route=\/wp\/v2\/pages\/9\/revisions"}],"predecessor-version":[{"id":878,"href":"https:\/\/www.tennis-bodenheim.de\/index.php?rest_route=\/wp\/v2\/pages\/9\/revisions\/878"}],"wp:attachment":[{"href":"https:\/\/www.tennis-bodenheim.de\/index.php?rest_route=%2Fwp%2Fv2%2Fmedia&parent=9"}],"curies":[{"name":"wp","href":"https:\/\/api.w.org\/{rel}","templated":true}]}}