{"id":87,"date":"2015-08-25T00:45:53","date_gmt":"2015-08-25T00:45:53","guid":{"rendered":"http:\/\/tennis-bodenheim.de\/?page_id=87"},"modified":"2026-03-05T15:59:52","modified_gmt":"2026-03-05T15:59:52","slug":"trainer","status":"publish","type":"page","link":"https:\/\/www.tennis-bodenheim.de\/?page_id=87","title":{"rendered":"Trainer"},"content":{"rendered":"<p>Unsere Trainer:<\/p>\n<table>\n<tbody>\n<tr>\n<td><\/td>\n<td>Andr\u00e9 Loos<\/p>\n<ul>\n<li>lizenzierter DTB\u2013C Tennis-Trainer seit 2025<\/li>\n<li>aktiver Spieler unserer Herren-Mannschaft<\/li>\n<\/ul>\n<\/td>\n<\/tr>\n<tr>\n<td><\/td>\n<td>Dennis Weyl<\/p>\n<ul>\n<li>lizenzierter DTB\u2013C Tennis-Trainer seit 2020<\/li>\n<li>aktiver Spieler unserer Herren-Mannschaft<\/li>\n<\/ul>\n<\/td>\n<\/tr>\n<tr>\n<td><\/td>\n<td>Jerome Vettel<\/p>\n<ul>\n<li>lizenzierter DTB-C Tennis-Trainer seit 2022<\/li>\n<\/ul>\n<\/td>\n<\/tr>\n<tr>\n<td><\/td>\n<td>Oskar Sekinger<\/p>\n<ul>\n<li>lizenzierter DTB-C Tennis-Trainer seit 2022<\/li>\n<li>aktiver Spieler unserer Herren-Mannschaft<\/li>\n<\/ul>\n<\/td>\n<\/tr>\n<tr>\n<td><\/td>\n<td>Maximilian Schierbrand<\/p>\n<ul>\n<li>lizenzierter DTB-C Tennis-Trainer seit 2022<\/li>\n<li>aktiver Spieler unserer Herren-Mannschaft<\/li>\n<\/ul>\n<\/td>\n<\/tr>\n<tr>\n<td><\/td>\n<td>Antonia Rodenbr\u00fcgger<\/p>\n<ul>\n<li>lizenzierter DTB-C Tennis-Trainer seit 2023<\/li>\n<\/ul>\n<\/td>\n<\/tr>\n<tr>\n<td colspan=\"2\">Unsere Trainer sind qualifizierte Trainer mit offiziellen Trainer Lizenzen des Deutschen Tennis Bundes. Das Training findet im Sommer auf den Au\u00dfenpl\u00e4tzen statt.<\/p>\n<p>Um eine individuelle Trainerstunde zu vereinbaren, kontaktieren Sie unsere <a href=\"mailto:jugendwart@tennis-bodenheim.de\">Sport- und Jugendwartin<\/a>. Wir bitten um Verst\u00e4ndnis, dass Schnuppern nur nach vorheriger Anmeldung \u00fcber unsere Sport- und Jugendwartin m\u00f6glich ist.<\/td>\n<\/tr>\n<\/tbody>\n<\/table>\n","protected":false},"excerpt":{"rendered":"<p>Unsere Trainer: Andr\u00e9 Loos lizenzierter DTB\u2013C Tennis-Trainer seit 2025 aktiver Spieler unserer Herren-Mannschaft Dennis Weyl lizenzierter DTB\u2013C Tennis-Trainer seit 2020<\/p>\n","protected":false},"author":1,"featured_media":0,"parent":0,"menu_order":0,"comment_status":"closed","ping_status":"closed","template":"","meta":{"footnotes":""},"class_list":["post-87","page","type-page","status-publish","hentry"],"_links":{"self":[{"href":"https:\/\/www.tennis-bodenheim.de\/index.php?rest_route=\/wp\/v2\/pages\/87","targetHints":{"allow":["GET"]}}],"collection":[{"href":"https:\/\/www.tennis-bodenheim.de\/index.php?rest_route=\/wp\/v2\/pages"}],"about":[{"href":"https:\/\/www.tennis-bodenheim.de\/index.php?rest_route=\/wp\/v2\/types\/page"}],"author":[{"embeddable":true,"href":"https:\/\/www.tennis-bodenheim.de\/index.php?rest_route=\/wp\/v2\/users\/1"}],"replies":[{"embeddable":true,"href":"https:\/\/www.tennis-bodenheim.de\/index.php?rest_route=%2Fwp%2Fv2%2Fcomments&post=87"}],"version-history":[{"count":51,"href":"https:\/\/www.tennis-bodenheim.de\/index.php?rest_route=\/wp\/v2\/pages\/87\/revisions"}],"predecessor-version":[{"id":871,"href":"https:\/\/www.tennis-bodenheim.de\/index.php?rest_route=\/wp\/v2\/pages\/87\/revisions\/871"}],"wp:attachment":[{"href":"https:\/\/www.tennis-bodenheim.de\/index.php?rest_route=%2Fwp%2Fv2%2Fmedia&parent=87"}],"curies":[{"name":"wp","href":"https:\/\/api.w.org\/{rel}","templated":true}]}}