{"id":654,"date":"2019-04-16T18:28:08","date_gmt":"2019-04-16T18:28:08","guid":{"rendered":"http:\/\/www.tennis-bodenheim.de\/?page_id=654"},"modified":"2023-11-11T17:01:59","modified_gmt":"2023-11-11T17:01:59","slug":"online-reservierung","status":"publish","type":"page","link":"https:\/\/www.tennis-bodenheim.de\/?page_id=654","title":{"rendered":"Online-Reservierung"},"content":{"rendered":"<p>Hier der Link zu unserem Online Reservierungssystem (Anmeldung erforderlich und nur f\u00fcr Mitglieder des BTC m\u00f6glich)<\/p>\n<p><a href=\"http:\/\/bodenheim.tennisplatz.info\/reservierung\">http:\/\/bodenheim.tennisplatz.info\/reservierung<\/a><\/p>\n<p>Bitte beachten Sie, dass es sich hierbei ausschlie\u00dflich um Reservierungen der Freiluftpl\u00e4tze des BTC handelt. Dies ist KEIN Reservierungssystem der Hallenpl\u00e4tze !!!<\/p>\n","protected":false},"excerpt":{"rendered":"<p>Hier der Link zu unserem Online Reservierungssystem (Anmeldung erforderlich und nur f\u00fcr Mitglieder des BTC m\u00f6glich) http:\/\/bodenheim.tennisplatz.info\/reservierung Bitte beachten Sie,<\/p>\n","protected":false},"author":1,"featured_media":0,"parent":0,"menu_order":0,"comment_status":"closed","ping_status":"closed","template":"","meta":{"footnotes":""},"class_list":["post-654","page","type-page","status-publish","hentry"],"_links":{"self":[{"href":"https:\/\/www.tennis-bodenheim.de\/index.php?rest_route=\/wp\/v2\/pages\/654","targetHints":{"allow":["GET"]}}],"collection":[{"href":"https:\/\/www.tennis-bodenheim.de\/index.php?rest_route=\/wp\/v2\/pages"}],"about":[{"href":"https:\/\/www.tennis-bodenheim.de\/index.php?rest_route=\/wp\/v2\/types\/page"}],"author":[{"embeddable":true,"href":"https:\/\/www.tennis-bodenheim.de\/index.php?rest_route=\/wp\/v2\/users\/1"}],"replies":[{"embeddable":true,"href":"https:\/\/www.tennis-bodenheim.de\/index.php?rest_route=%2Fwp%2Fv2%2Fcomments&post=654"}],"version-history":[{"count":3,"href":"https:\/\/www.tennis-bodenheim.de\/index.php?rest_route=\/wp\/v2\/pages\/654\/revisions"}],"predecessor-version":[{"id":840,"href":"https:\/\/www.tennis-bodenheim.de\/index.php?rest_route=\/wp\/v2\/pages\/654\/revisions\/840"}],"wp:attachment":[{"href":"https:\/\/www.tennis-bodenheim.de\/index.php?rest_route=%2Fwp%2Fv2%2Fmedia&parent=654"}],"curies":[{"name":"wp","href":"https:\/\/api.w.org\/{rel}","templated":true}]}}