{"id":628,"date":"2019-01-22T19:08:53","date_gmt":"2019-01-22T19:08:53","guid":{"rendered":"http:\/\/www.tennis-bodenheim.de\/?page_id=628"},"modified":"2019-01-22T19:22:33","modified_gmt":"2019-01-22T19:22:33","slug":"datenschutzerklaerung","status":"publish","type":"page","link":"https:\/\/www.tennis-bodenheim.de\/?page_id=628","title":{"rendered":"Datenschutzerkl\u00e4rung"},"content":{"rendered":"<h2>1.\u00a0\u00a0\u00a0\u00a0\u00a0\u00a0 Allgemeine Hinweise<\/h2>\n<p>Der Bodenheimer Tennisclub\u00a0 e.V., im folgenden BTC e.V. genannt, nimmt als Anbieter der WebSite <a href=\"http:\/\/www.btc-bodenheim.de\">www.btc-bodenheim.de<\/a> und verantwortliche Stelle die Verpflichtung zum Datenschutz sehr ernst und gestaltet seine WebSite so, dass nur so wenige personenbezogene Daten wie n\u00f6tig erhoben, verarbeitet und genutzt werden. Unter keinen Umst\u00e4nden werden personenbezogene Daten zu Werbezwecken an Dritte vermietet oder verkauft. Wir behandeln Ihre personenbezogenen Daten vertraulich und entsprechend der gesetzlichen Datenschutzvorschriften sowie dieser Datenschutzerkl\u00e4rung.<\/p>\n<p>Die folgenden Hinweise geben einen \u00dcberblick dar\u00fcber, was mit Ihren personenbezogenen Daten passiert, wenn Sie unsere Website besuchen und wie diese verarbeitet werden. Personenbezogene Daten sind alle Daten, mit denen Sie pers\u00f6nlich identifiziert werden k\u00f6nnen.<\/p>\n<p>Da im Verein in der Regel weniger als 10 Personen st\u00e4ndig mit der automatisierten Verarbeitung personenbezogener Daten besch\u00e4ftigt sind, hat der Verein keinen Datenschutzbeauftragten zu benennen.\u00a0 Der Vorstand des BTC e.V. stellt sicher, dass Verzeichnisse der Verarbeitungst\u00e4tigkeiten nach Art. 30 DSGVO gef\u00fchrt und die Informationspflichten nach Art. 13 und 14 DSGVO erf\u00fcllt werden. Er ist f\u00fcr die Beantwortung von Auskunftsverlangen von betroffenen Personen zust\u00e4ndig.<\/p>\n<p><strong>BTC e.V.<\/strong><\/p>\n<p>Sitz: Bodenheim<br \/>\nAdresse des Vereins:<br \/>\nRheinallee 95<br \/>\n55294 Bodenheim<br \/>\n<a href=\"http:\/\/www.btc-bodenheim.de\">www.btc-bodenheim.de<\/a><br \/>\nvorstand@btc-bodenheim.de<\/p>\n<h2><strong>2. Datenerfassung auf unserer Website<\/strong><\/h2>\n<p>Wir verarbeiten personenbezogene Daten grunds\u00e4tzlich nur, soweit dies zur Bereitstellung einer funktionsf\u00e4higen Webseite sowie unserer Inhalte und Leistungen erforderlich ist.<\/p>\n<h3><strong>2.1 Besuch der Webseite<\/strong><\/h3>\n<p>Durch Aufruf unserer Webseite btc-bodenheim.de werden durch Ihren Browser automatisch Informationen an den Server unseres Hosters (strato) gesendet. Diese gesendeten Informationen werden f\u00fcr eine begrenzte Zeit in sogenannten Log-Files gespeichert.<\/p>\n<ul>\n<li><strong>Server-Logs<\/strong>\n<ul>\n<li>Informationen \u00fcber den Browsertyp und die verwendete Version<\/li>\n<li>Das Betriebssystem des Nutzers<\/li>\n<li>Die IP-Adresse des Nutzers<\/li>\n<li>Datum und Uhrzeit des Zugriffs<\/li>\n<\/ul>\n<\/li>\n<\/ul>\n<ul>\n<li><strong>Matomo<\/strong><\/li>\n<\/ul>\n<p>Diese Website benutzt Matomo, eine Open-Source-Software zur statistischen Auswertung der Besucherzugriffe. Matomo verwendet sog. \u201cCookies\u201d, Textdateien, die auf Ihrem Computer gespeichert werden und die eine Analyse der Benutzung der Website durch Sie erm\u00f6glichen. Die durch den Cookie erzeugten Informationen \u00fcber Ihre Benutzung dieses Internetangebotes werden auf dem Server des Anbieters in Deutschland gespeichert. Die IP-Adresse wird sofort nach der Verarbeitung und vor deren Speicherung anonymisiert. Sie k\u00f6nnen die Installation der Cookies durch eine entsprechende Einstellung Ihrer Browser Software verhindern; wir weisen Sie jedoch darauf hin, dass Sie in diesem Fall gegebenenfalls nicht s\u00e4mtliche Funktionen dieser Website vollumf\u00e4nglich nutzen k\u00f6nnen.<\/p>\n<ul>\n<li><strong>Google Fonts<\/strong><\/li>\n<\/ul>\n<p>Zur einheitliche Darstellung von Schriftarten nutzt diese Webseite Web Fonts, die von Google bereitgestellt werden. Beim Aufruf einer Seite l\u00e4dt Ihr Browser die ben\u00f6tigten Web Fonts in ihren Browsercache, um Texte und Schriftarten korrekt anzuzeigen.<\/p>\n<p>Zu diesem Zweck muss der von Ihnen verwendete Browser Verbindung zu den Servern von Google aufnehmen. Hierdurch erlangt Google Kenntnis dar\u00fcber, dass \u00fcber Ihre IP-Adresse unsere Website aufgerufen wurde. Die Nutzung von Google Web Fonts erfolgt im Interesse einer einheitlichen und ansprechenden Darstellung unserer Online-Angebote. Dies stellt ein berechtigtes Interesse im Sinne von Art. 6 Abs. 1 lit. f DSGVO dar.<\/p>\n<p>Wenn Ihr Browser Web Fonts nicht unterst\u00fctzt, wird eine Standardschrift von Ihrem Computer genutzt.<\/p>\n<p>Weitere Informationen zu Google Web Fonts finden Sie unter <u><a href=\"https:\/\/developers.google.com\/fonts\/faq\">https:\/\/developers.google.com\/fonts\/faq<\/a><\/u> und in der Datenschutzerkl\u00e4rung von Google: <u><a href=\"https:\/\/www.google.com\/policies\/privacy\/\">https:\/\/www.google.com\/policies\/privacy\/<\/a><\/u>.<\/p>\n<ul>\n<li><strong>Cookies<\/strong><\/li>\n<\/ul>\n<p>Wir verwenden auf unserer Webseite Cookies. Cookies sind kleine Textdateien, die Ihr Browser automatisch erstellt und auf Ihrem Rechner ablegt.<\/p>\n<p>Cookies richten auf Ihrem Rechner keinen Schaden an und enthalten keine Viren. Durch den Einsatz von Cookies erh\u00f6ht sich die Benutzerfreundlichkeit und Sicherheit dieser Website. Die meisten Browser akzeptieren C<strong>o<\/strong>okies automatisch. Sie k\u00f6nnen Ihren Browser jedoch so konfigurieren, dass keine Cookies auf Ihrem Computer gespeichert werden oder stets ein Hinweis erscheint, bevor ein neuer Cookie angelegt wird. Die vollst\u00e4ndige Deaktivierung von Cookies kann jedoch dazu f\u00fchren, dass Sie nicht alle Funktionen unserer Website nutzen k\u00f6nnen.<\/p>\n<p>Diese Cookies erm\u00f6glichen es uns, bei einem erneuten Besuch unserer Seite automatisch zu erkennen, dass Sie bereits bei uns waren. Diese Cookies werden nach einer jeweils definierten Zeit automatisch gel\u00f6scht.<\/p>\n<h3><strong>2.2 Kontaktaufnahme<\/strong><\/h3>\n<p>Bei einer Kontaktaufnahme von Ihnen mit uns (z.B. \u00fcber die auf der Website angegebenen E-Mail-Adressen oder per Telefon) nutzen wir Ihre Angaben zur Bearbeitung Ihrer Anfrage gem. DSGVO, Art. 6 Abs. 1 aufgrund Ihrer Einwilligung. Ihre Anfragen werden gel\u00f6scht, sobald eine Aufbewahrung nicht mehr erforderlich ist. Abgesehen hiervon verweisen wir auf die gesetzlichen Archivierungspflichten.<\/p>\n<h2><strong>3. Erbringung unserer satzungs- und gesch\u00e4ftsgem\u00e4\u00dfen Leistungen<\/strong><\/h2>\n<p>Wir verarbeiten die Daten unserer Mitglieder im Rahmen unserer satzungs- und gesch\u00e4ftsm\u00e4\u00dfigen Leistungen, wenn:<\/p>\n<p>\u2013 diese hierzu nach Art.\u00a06 Abs.\u00a01 S.\u00a01 lit.\u00a0a DSGVO ihre ausdr\u00fcckliche Einwilligung dazu erteilt haben,<br \/>\n\u2013 die Weitergabe nach Art.\u00a06 Abs.\u00a01 S.\u00a01 lit.\u00a0f zur Wahrung der berechtigten Interessen des Verantwortlichen oder eines Dritten erforderlich ist und kein Grund zur Annahme besteht, dass das Mitglied ein \u00fcberwiegendes schutzw\u00fcrdiges Interesse an der Nichtweitergabe der Daten hat,<br \/>\n\u2013 f\u00fcr den Fall, dass f\u00fcr die Weitergabe nach Art.\u00a06 Abs.\u00a01 S.\u00a01 lit.\u00a0c DSGVO eine gesetzliche Verpflichtung besteht, sowie<br \/>\n\u2013 dies gesetzlich zul\u00e4ssig und nach Art.\u00a06 Abs.\u00a01 S.\u00a01 lit.\u00a0b DSGVO f\u00fcr die Abwicklung von Vertragsverh\u00e4ltnissen erforderlich ist. Die hierbei verarbeiteten Daten, die Art, der Umfang und der Zweck und die Erforderlichkeit ihrer Verarbeitung bestimmen sich nach dem zugrundeliegenden Vertragsverh\u00e4ltnis.<\/p>\n<p>Daten, die zur Erbringung unserer satzungs- und gesch\u00e4ftsm\u00e4\u00dfigen Zwecke nicht mehr erforderlich sind, werden gel\u00f6scht. Dies bestimmt sich entsprechend der jeweiligen Aufgaben und vertraglichen Beziehungen. Im Fall gesch\u00e4ftlicher Verarbeitung bewahren wir die Daten so lange auf, wie sie zur Gesch\u00e4ftsabwicklung, als auch im Hinblick auf etwaige Gew\u00e4hrleistungs- oder Haftungspflichten relevant sein k\u00f6nnen. Die Erforderlichkeit der Aufbewahrung der Daten wird alle drei Jahre \u00fcberpr\u00fcft; im \u00dcbrigen gelten die gesetzlichen Aufbewahrungspflichten.<\/p>\n<h2><strong>4. Betroffenenrechte<\/strong><\/h2>\n<p>Sie haben das Recht:\u2013 gem\u00e4\u00df Art.\u00a015 DSGVO Auskunft \u00fcber Ihre von uns verarbeiteten personenbezogenen Daten zu verlangen. Insbesondere k\u00f6nnen Sie Auskunft \u00fcber die Verarbeitungszwecke, die Kategorie der personenbezogenen Daten, die Kategorien von Empf\u00e4ngern, gegen\u00fcber denen Ihre Daten offengelegt wurden oder werden, die geplante Speicherdauer, das Bestehen eines Rechts auf Berichtigung, L\u00f6schung, Einschr\u00e4nkung der Verarbeitung oder Widerspruch, das Bestehen eines Beschwerderechts, die Herkunft ihrer Daten, sofern diese nicht bei uns erhoben wurden, sowie \u00fcber das Bestehen einer automatisierten Entscheidungsfindung einschlie\u00dflich Profiling und ggf. aussagekr\u00e4ftigen Informationen zu deren Einzelheiten verlangen;<\/p>\n<p>\u2013 gem\u00e4\u00df Art.\u00a016 DSGVO unverz\u00fcglich die Berichtigung unrichtiger oder Vervollst\u00e4ndigung Ihrer bei uns gespeicherten personenbezogenen Daten zu verlangen;<\/p>\n<p>\u2013 gem\u00e4\u00df Art.\u00a017 DSGVO die L\u00f6schung Ihrer bei uns gespeicherten personenbezogenen Daten zu verlangen, soweit nicht die Verarbeitung zur Aus\u00fcbung des Rechts auf freie Meinungs\u00e4u\u00dferung und Information, zur Erf\u00fcllung einer rechtlichen Verpflichtung, aus Gr\u00fcnden des \u00f6ffentlichen Interesses oder zur Geltendmachung, Aus\u00fcbung oder Verteidigung von Rechtsanspr\u00fcchen erforderlich ist;<\/p>\n<p>\u2013 gem\u00e4\u00df Art.\u00a018 DSGVO die Einschr\u00e4nkung der Verarbeitung Ihrer personenbezogenen Daten zu verlangen, soweit die Richtigkeit der Daten von Ihnen bestritten wird, die Verarbeitung unrechtm\u00e4\u00dfig ist, Sie aber deren L\u00f6schung ablehnen und wir die Daten nicht mehr ben\u00f6tigen, Sie jedoch diese zur Geltendmachung, Aus\u00fcbung oder Verteidigung von Rechtsanspr\u00fcchen ben\u00f6tigen oder Sie gem\u00e4\u00df Art.\u00a021 DSGVO Widerspruch gegen die Verarbeitung eingelegt haben;<\/p>\n<p>\u2013 gem\u00e4\u00df Art.\u00a020 DSGVO Ihre personenbezogenen Daten, die Sie uns bereitgestellt haben, in einem strukturierten, g\u00e4ngigen und maschinenlesebaren Format zu erhalten oder die \u00dcbermittlung an einen anderen Verantwortlichen zu verlangen;<\/p>\n<p>\u2013 gem\u00e4\u00df Art.\u00a07 Abs.\u00a03 DSGVO Ihre einmal erteilte Einwilligung jederzeit gegen\u00fcber uns zu widerrufen. Dies hat zur Folge, dass wir die Datenverarbeitung, die auf dieser Einwilligung beruhte, f\u00fcr die Zukunft nicht mehr fortf\u00fchren d\u00fcrfen und<\/p>\n<p>\u2013 gem\u00e4\u00df Art.\u00a077 DSGVO sich bei einer Aufsichtsbeh\u00f6rde zu beschweren. In der Regel k\u00f6nnen Sie sich hierf\u00fcr an die Aufsichtsbeh\u00f6rde Ihres \u00fcblichen Aufenthaltsortes oder Arbeitsplatzes oder unseres Kanzleisitzes wenden.<\/p>\n<h2><strong>5. Widerspruchsrecht <\/strong><\/h2>\n<p>Sofern Ihre personenbezogenen Daten auf Grundlage von berechtigten Interessen gem\u00e4\u00df Art.\u00a06 Abs.\u00a01 S.\u00a01 lit.\u00a0f DSGVO verarbeitet werden, haben Sie das Recht, gem\u00e4\u00df Art.\u00a021 DSGVO Widerspruch gegen die Verarbeitung Ihrer personenbezogenen Daten einzulegen, soweit daf\u00fcr Gr\u00fcnde vorliegen, die sich aus Ihrer besonderen Situation ergeben oder sich der Widerspruch gegen Direktwerbung richtet. Im letzteren Fall haben Sie ein generelles Widerspruchsrecht, das ohne Angabe einer besonderen Situation von uns umgesetzt wird.<br \/>\nM\u00f6chten Sie von Ihrem Widerrufs- oder Widerspruchsrecht Gebrauch machen, gen\u00fcgt eine E-Mail an info@btc-bodenheim.de.de<\/p>\n<h2><strong>\u00a06. <\/strong><strong>Aktualit\u00e4t und \u00c4nderung dieser Datenschutzerkl\u00e4rung <\/strong><\/h2>\n<p>Diese Datenschutzerkl\u00e4rung ist aktuell g\u00fcltig und hat den Stand November 2018.<\/p>\n<p>Durch die Weiterentwicklung unserer Website und Angebote dar\u00fcber oder aufgrund ge\u00e4nderter gesetzlicher beziehungsweise beh\u00f6rdlicher Vorgaben kann es notwendig werden, diese Datenschutzerkl\u00e4rung zu \u00e4ndern. Die jeweils aktuelle Datenschutzerkl\u00e4rung kann jederzeit auf der Website unter <a href=\"http:\/\/www.tennis-bodenheim.de\/wp-content\/uploads\/2019\/01\/BTC-Datenschutzerkl\u00e4rung-2019.docx\" rel=\"\">BTC Datenschutzerkl\u00e4rung 2019<\/a> von Ihnen abgerufen und ausgedruckt werden.<\/p>\n<h2><strong>7. Weitere Informationen und Kontakte<\/strong><\/h2>\n<p>Wenn Sie weitere Fragen zum Thema \u201cDatenschutz bei der verantwortlichen Stelle\u201d haben, wenden Sie sich an den Vereinsvorstand unter vorstand@btc-bodenheim.de<\/p>\n","protected":false},"excerpt":{"rendered":"<p>1.\u00a0\u00a0\u00a0\u00a0\u00a0\u00a0 Allgemeine Hinweise Der Bodenheimer Tennisclub\u00a0 e.V., im folgenden BTC e.V. genannt, nimmt als Anbieter der WebSite www.btc-bodenheim.de und verantwortliche<\/p>\n","protected":false},"author":1,"featured_media":0,"parent":0,"menu_order":0,"comment_status":"closed","ping_status":"closed","template":"","meta":{"footnotes":""},"class_list":["post-628","page","type-page","status-publish","hentry"],"_links":{"self":[{"href":"https:\/\/www.tennis-bodenheim.de\/index.php?rest_route=\/wp\/v2\/pages\/628","targetHints":{"allow":["GET"]}}],"collection":[{"href":"https:\/\/www.tennis-bodenheim.de\/index.php?rest_route=\/wp\/v2\/pages"}],"about":[{"href":"https:\/\/www.tennis-bodenheim.de\/index.php?rest_route=\/wp\/v2\/types\/page"}],"author":[{"embeddable":true,"href":"https:\/\/www.tennis-bodenheim.de\/index.php?rest_route=\/wp\/v2\/users\/1"}],"replies":[{"embeddable":true,"href":"https:\/\/www.tennis-bodenheim.de\/index.php?rest_route=%2Fwp%2Fv2%2Fcomments&post=628"}],"version-history":[{"count":5,"href":"https:\/\/www.tennis-bodenheim.de\/index.php?rest_route=\/wp\/v2\/pages\/628\/revisions"}],"predecessor-version":[{"id":635,"href":"https:\/\/www.tennis-bodenheim.de\/index.php?rest_route=\/wp\/v2\/pages\/628\/revisions\/635"}],"wp:attachment":[{"href":"https:\/\/www.tennis-bodenheim.de\/index.php?rest_route=%2Fwp%2Fv2%2Fmedia&parent=628"}],"curies":[{"name":"wp","href":"https:\/\/api.w.org\/{rel}","templated":true}]}}