{"id":18,"date":"2015-07-26T11:56:26","date_gmt":"2015-07-26T11:56:26","guid":{"rendered":"http:\/\/tennis-bodenheim.de\/?page_id=18"},"modified":"2015-12-12T10:30:25","modified_gmt":"2015-12-12T10:30:25","slug":"impressum","status":"publish","type":"page","link":"https:\/\/www.tennis-bodenheim.de\/?page_id=18","title":{"rendered":"Impressum"},"content":{"rendered":"<p>Verantwortlich f\u00fcr den Inhalt der Seiten:<br \/>\nBodenheimer Tennis Centrum e. V.<br \/>\nRheinallee 95<br \/>\n55294 Bodenheim<\/p>\n<p><strong>Haftungshinweis<\/strong><\/p>\n<p>Der Bodenheimer Tennis Centrum e. V. haftet nicht f\u00fcr die Inhalte weiterf\u00fchrender Links. F\u00fcr den Inhalt der verlinkten Seiten sind ausschlie\u00dflich deren Betreiber verantwortlich.<\/p>\n","protected":false},"excerpt":{"rendered":"<p>Verantwortlich f\u00fcr den Inhalt der Seiten: Bodenheimer Tennis Centrum e. V. Rheinallee 95 55294 Bodenheim Haftungshinweis Der Bodenheimer Tennis Centrum<\/p>\n","protected":false},"author":1,"featured_media":0,"parent":0,"menu_order":0,"comment_status":"open","ping_status":"open","template":"page-templates\/contact.php","meta":{"footnotes":""},"class_list":["post-18","page","type-page","status-publish","hentry"],"_links":{"self":[{"href":"https:\/\/www.tennis-bodenheim.de\/index.php?rest_route=\/wp\/v2\/pages\/18","targetHints":{"allow":["GET"]}}],"collection":[{"href":"https:\/\/www.tennis-bodenheim.de\/index.php?rest_route=\/wp\/v2\/pages"}],"about":[{"href":"https:\/\/www.tennis-bodenheim.de\/index.php?rest_route=\/wp\/v2\/types\/page"}],"author":[{"embeddable":true,"href":"https:\/\/www.tennis-bodenheim.de\/index.php?rest_route=\/wp\/v2\/users\/1"}],"replies":[{"embeddable":true,"href":"https:\/\/www.tennis-bodenheim.de\/index.php?rest_route=%2Fwp%2Fv2%2Fcomments&post=18"}],"version-history":[{"count":4,"href":"https:\/\/www.tennis-bodenheim.de\/index.php?rest_route=\/wp\/v2\/pages\/18\/revisions"}],"predecessor-version":[{"id":627,"href":"https:\/\/www.tennis-bodenheim.de\/index.php?rest_route=\/wp\/v2\/pages\/18\/revisions\/627"}],"wp:attachment":[{"href":"https:\/\/www.tennis-bodenheim.de\/index.php?rest_route=%2Fwp%2Fv2%2Fmedia&parent=18"}],"curies":[{"name":"wp","href":"https:\/\/api.w.org\/{rel}","templated":true}]}}