{"id":153,"date":"2015-08-30T22:28:11","date_gmt":"2015-08-30T22:28:11","guid":{"rendered":"http:\/\/tennis-bodenheim.de\/?page_id=153"},"modified":"2026-03-05T16:02:22","modified_gmt":"2026-03-05T16:02:22","slug":"mitgliedsbeitraege","status":"publish","type":"page","link":"https:\/\/www.tennis-bodenheim.de\/?page_id=153","title":{"rendered":"Mitgliedsbeitr\u00e4ge"},"content":{"rendered":"<table>\n<tbody>\n<tr>\n<td>Vereinsbeitrag:<\/td>\n<td>Erwachsene<\/td>\n<td>210\u20ac<\/td>\n<\/tr>\n<tr>\n<td><\/td>\n<td>Ehepaare und Lebensgemeinschaften<\/td>\n<td>390\u20ac<\/td>\n<\/tr>\n<tr>\n<td><\/td>\n<td>Jugendliche ab 13 Jahren und Studenten<\/td>\n<td>110\u20ac<\/td>\n<\/tr>\n<tr>\n<td><\/td>\n<td>Kinder bis 12 Jahre<\/td>\n<td>60\u20ac<\/td>\n<\/tr>\n<tr>\n<td><\/td>\n<td>Passive Mitglieder<\/td>\n<td>35\u20ac<\/td>\n<\/tr>\n<tr>\n<td><\/td>\n<td>Bei Neueintritt ab dem 01.10. grunds\u00e4tzlich nur 35\u20ac pro Person im Jahr des Beitritts<\/td>\n<td><\/td>\n<\/tr>\n<\/tbody>\n<\/table>\n<p>Der Vereinsbeitrag f\u00fcr aktive Miglieder berechtigt dazu, w\u00e4hrend der kompletten Sommersaison die beiden Au\u00dfenpl\u00e4tze 3 und 4 unbegrenzt zu nutzen.<\/p>\n<p>Neben dem Vereinsbeitrag fallen keine weiteren Verpflichtungen wie z.B. Arbeitseins\u00e4tze an.<\/p>\n<p>G\u00e4ste sind bei uns herzlich willkommen und d\u00fcrfen jeweils mit einem aktiven Mitglied bis maximal 5x auf der Anlage spielen. Die Gastgeb\u00fchr betr\u00e4gt 10\u20ac\/h und wird vom Mitglied per Lastschrift eingezogen.<\/p>\n<p>Mitgliedsantrag: <a href=\"http:\/\/tennis-bodenheim.de\/wp-content\/uploads\/2022\/02\/BTC_Beitrittserkla\u0308rung_2022.pdf\" target=\"_blank\" rel=\"noopener noreferrer\">BTC Aufnahmeformular<\/a><\/p>\n","protected":false},"excerpt":{"rendered":"<p>Vereinsbeitrag: Erwachsene 210\u20ac Ehepaare und Lebensgemeinschaften 390\u20ac Jugendliche ab 13 Jahren und Studenten 110\u20ac Kinder bis 12 Jahre 60\u20ac Passive<\/p>\n","protected":false},"author":1,"featured_media":0,"parent":0,"menu_order":0,"comment_status":"closed","ping_status":"closed","template":"page-templates\/contact.php","meta":{"footnotes":""},"class_list":["post-153","page","type-page","status-publish","hentry"],"_links":{"self":[{"href":"https:\/\/www.tennis-bodenheim.de\/index.php?rest_route=\/wp\/v2\/pages\/153","targetHints":{"allow":["GET"]}}],"collection":[{"href":"https:\/\/www.tennis-bodenheim.de\/index.php?rest_route=\/wp\/v2\/pages"}],"about":[{"href":"https:\/\/www.tennis-bodenheim.de\/index.php?rest_route=\/wp\/v2\/types\/page"}],"author":[{"embeddable":true,"href":"https:\/\/www.tennis-bodenheim.de\/index.php?rest_route=\/wp\/v2\/users\/1"}],"replies":[{"embeddable":true,"href":"https:\/\/www.tennis-bodenheim.de\/index.php?rest_route=%2Fwp%2Fv2%2Fcomments&post=153"}],"version-history":[{"count":35,"href":"https:\/\/www.tennis-bodenheim.de\/index.php?rest_route=\/wp\/v2\/pages\/153\/revisions"}],"predecessor-version":[{"id":873,"href":"https:\/\/www.tennis-bodenheim.de\/index.php?rest_route=\/wp\/v2\/pages\/153\/revisions\/873"}],"wp:attachment":[{"href":"https:\/\/www.tennis-bodenheim.de\/index.php?rest_route=%2Fwp%2Fv2%2Fmedia&parent=153"}],"curies":[{"name":"wp","href":"https:\/\/api.w.org\/{rel}","templated":true}]}}