{"id":11,"date":"2015-07-26T11:50:33","date_gmt":"2015-07-26T11:50:33","guid":{"rendered":"http:\/\/tennis-bodenheim.de\/?page_id=11"},"modified":"2026-03-05T16:09:47","modified_gmt":"2026-03-05T16:09:47","slug":"trainingszeiten","status":"publish","type":"page","link":"https:\/\/www.tennis-bodenheim.de\/?page_id=11","title":{"rendered":"Training"},"content":{"rendered":"<h3>Tennis-Training Sommer 2026<\/h3>\n<table>\n<tbody>\n<tr>\n<td style=\"text-align: left;\">Liebe Tennis-Interessierte,<\/p>\n<p>auch 2026 werden wir unsere <strong>Tennis-Sommersaison im April beginnen<\/strong>.<\/p>\n<p>Bei Interesse an einem Kinder-, Jugend- oder Erwachsenentraining k\u00f6nnen sich <strong>neu-interessierte TennisspielerINNEN<\/strong> gerne f\u00fcr n\u00e4here Informationen mit unserer Jugend- und Sportwartin, <a href=\"mailto:jugendwart@tennis-bodenheim.de\" target=\"_blank\" rel=\"noopener noreferrer\">Claudia Weyl <\/a>, in Verbindung setzen.<\/td>\n<td><a href=\"http:\/\/www.tennis-bodenheim.de\/wp-content\/uploads\/2018\/01\/tennis_baum.jpg\" rel=\"attachment wp-att-569\"><img loading=\"lazy\" decoding=\"async\" class=\"alignnone wp-image-569\" src=\"http:\/\/www.tennis-bodenheim.de\/wp-content\/uploads\/2018\/01\/tennis_baum.jpg\" alt=\"Tennis Training\" width=\"1200\" height=\"1600\" srcset=\"https:\/\/www.tennis-bodenheim.de\/wp-content\/uploads\/2018\/01\/tennis_baum.jpg 303w, https:\/\/www.tennis-bodenheim.de\/wp-content\/uploads\/2018\/01\/tennis_baum-225x300.jpg 225w\" sizes=\"auto, (max-width: 1200px) 100vw, 1200px\" \/><\/a><\/td>\n<\/tr>\n<\/tbody>\n<\/table>\n<p>Zu folgenden Zeiten findet w\u00e4hrend der Sommersaison das regelm\u00e4\u00dfige Training auf den Au\u00dfenpl\u00e4tzen statt:<\/p>\n<p><strong>Jugendtraining (Ansprechpartnerin: <a href=\"mailto:jugendwart@tennis-bodenheim.de\" target=\"_blank\" rel=\"noopener noreferrer\">Claudia Weyl <\/a>)<\/strong><\/p>\n<table>\n<tbody>\n<tr>\n<td>\n<ul>\n<li>Montag &#8211; Donnerstag<\/li>\n<\/ul>\n<\/td>\n<td>15:00 &#8211; 19:00 Uhr<\/td>\n<\/tr>\n<tr>\n<td>\n<ul>\n<li>Freitag<\/li>\n<\/ul>\n<\/td>\n<td>16:00 &#8211; 18:00 Uhr<\/td>\n<\/tr>\n<\/tbody>\n<\/table>\n<p><strong>Damen 30 \/ 40 \/ 50 (Ansprechpartnerin: <a href=\"mailto:jugendwart@tennis-bodenheim.de\" target=\"_blank\" rel=\"noopener noreferrer\">Claudia Weyl <\/a>)<\/strong>:<\/p>\n<table>\n<tbody>\n<tr>\n<td>\n<ul>\n<li>Dienstag<\/li>\n<\/ul>\n<\/td>\n<td>19:00 &#8211; 20:30 Uhr<\/td>\n<\/tr>\n<\/tbody>\n<\/table>\n<p><strong>Herren 30 \/ 40 \/ 50 (Ansprechpartner: <a href=\"mailto:tim.weyl@t-online.de\" target=\"_blank\" rel=\"noopener noreferrer\">Tim Weyl<\/a>)<\/strong>:<\/p>\n<table>\n<tbody>\n<tr>\n<td>\n<ul>\n<li>Montag<\/li>\n<\/ul>\n<\/td>\n<td>18:00 &#8211; 20:00 Uhr<\/td>\n<\/tr>\n<tr>\n<td>\n<ul>\n<li>Mittwoch<\/li>\n<\/ul>\n<\/td>\n<td>18:00 &#8211; 20:00 Uhr<\/td>\n<\/tr>\n<\/tbody>\n<\/table>\n<p><strong>Herren (Ansprechpartner: <a href=\"mailto:niklas.weyl@gmx.de\" target=\"_blank\" rel=\"noopener noreferrer\">Niklas Weyl<\/a>)<\/strong>:<\/p>\n<table>\n<tbody>\n<tr>\n<td>\n<ul>\n<li>Donnerstag<\/li>\n<\/ul>\n<\/td>\n<td>19:00 &#8211; 20:30 Uhr<\/td>\n<\/tr>\n<\/tbody>\n<\/table>\n<p>Um mal &#8222;reinzuschnuppern&#8220; kommt doch einfach zur Trainingszeit vorbei oder schickt eine mail an den oben genannten Ansprechpartner.<\/p>\n","protected":false},"excerpt":{"rendered":"<p>Tennis-Training Sommer 2026 Liebe Tennis-Interessierte, auch 2026 werden wir unsere Tennis-Sommersaison im April beginnen. Bei Interesse an einem Kinder-, Jugend-<\/p>\n","protected":false},"author":1,"featured_media":0,"parent":0,"menu_order":0,"comment_status":"open","ping_status":"open","template":"page-templates\/contact.php","meta":{"footnotes":""},"class_list":["post-11","page","type-page","status-publish","hentry"],"_links":{"self":[{"href":"https:\/\/www.tennis-bodenheim.de\/index.php?rest_route=\/wp\/v2\/pages\/11","targetHints":{"allow":["GET"]}}],"collection":[{"href":"https:\/\/www.tennis-bodenheim.de\/index.php?rest_route=\/wp\/v2\/pages"}],"about":[{"href":"https:\/\/www.tennis-bodenheim.de\/index.php?rest_route=\/wp\/v2\/types\/page"}],"author":[{"embeddable":true,"href":"https:\/\/www.tennis-bodenheim.de\/index.php?rest_route=\/wp\/v2\/users\/1"}],"replies":[{"embeddable":true,"href":"https:\/\/www.tennis-bodenheim.de\/index.php?rest_route=%2Fwp%2Fv2%2Fcomments&post=11"}],"version-history":[{"count":35,"href":"https:\/\/www.tennis-bodenheim.de\/index.php?rest_route=\/wp\/v2\/pages\/11\/revisions"}],"predecessor-version":[{"id":876,"href":"https:\/\/www.tennis-bodenheim.de\/index.php?rest_route=\/wp\/v2\/pages\/11\/revisions\/876"}],"wp:attachment":[{"href":"https:\/\/www.tennis-bodenheim.de\/index.php?rest_route=%2Fwp%2Fv2%2Fmedia&parent=11"}],"curies":[{"name":"wp","href":"https:\/\/api.w.org\/{rel}","templated":true}]}}