{"id":105,"date":"2015-08-25T10:16:58","date_gmt":"2015-08-25T10:16:58","guid":{"rendered":"http:\/\/tennis-bodenheim.de\/?page_id=105"},"modified":"2026-03-05T16:10:31","modified_gmt":"2026-03-05T16:10:31","slug":"btc-bodenheim","status":"publish","type":"page","link":"https:\/\/www.tennis-bodenheim.de\/","title":{"rendered":"BTC Bodenheim"},"content":{"rendered":"<p>Willkommen auf der Internet-Pr\u00e4senz des Bodenheimer Tennis-Centrum e.V.<\/p>\n<p>Wir freuen uns, da\u00df Sie uns gefunden haben und m\u00f6chten Sie \u00fcber unseren Tennis-Verein informieren. Bitte kontaktieren Sie uns bei Fragen oder Anregungen. Wir freuen uns \u00fcber jede Kontaktaufnahme.<\/p>\n<p>Bei Interesse an einem Kinder-, Jugend- oder Erwachsenentraining k\u00f6nnen sich <strong>interessierte Tennisspieler und Tennisspielerinnen<\/strong> gerne f\u00fcr n\u00e4here Informationen mit unserer Jugend- und Sportwartin, <a href=\"mailto:jugendwart@tennis-bodenheim.de\" target=\"_blank\" rel=\"noopener noreferrer\">Claudia Weyl <\/a>, in Verbindung setzen.<\/p>\n<p>Ihr Vorstand des BTC<\/p>\n","protected":false},"excerpt":{"rendered":"<p>Willkommen auf der Internet-Pr\u00e4senz des Bodenheimer Tennis-Centrum e.V. Wir freuen uns, da\u00df Sie uns gefunden haben und m\u00f6chten Sie \u00fcber<\/p>\n","protected":false},"author":1,"featured_media":0,"parent":0,"menu_order":0,"comment_status":"closed","ping_status":"closed","template":"","meta":{"footnotes":""},"class_list":["post-105","page","type-page","status-publish","hentry"],"_links":{"self":[{"href":"https:\/\/www.tennis-bodenheim.de\/index.php?rest_route=\/wp\/v2\/pages\/105","targetHints":{"allow":["GET"]}}],"collection":[{"href":"https:\/\/www.tennis-bodenheim.de\/index.php?rest_route=\/wp\/v2\/pages"}],"about":[{"href":"https:\/\/www.tennis-bodenheim.de\/index.php?rest_route=\/wp\/v2\/types\/page"}],"author":[{"embeddable":true,"href":"https:\/\/www.tennis-bodenheim.de\/index.php?rest_route=\/wp\/v2\/users\/1"}],"replies":[{"embeddable":true,"href":"https:\/\/www.tennis-bodenheim.de\/index.php?rest_route=%2Fwp%2Fv2%2Fcomments&post=105"}],"version-history":[{"count":98,"href":"https:\/\/www.tennis-bodenheim.de\/index.php?rest_route=\/wp\/v2\/pages\/105\/revisions"}],"predecessor-version":[{"id":877,"href":"https:\/\/www.tennis-bodenheim.de\/index.php?rest_route=\/wp\/v2\/pages\/105\/revisions\/877"}],"wp:attachment":[{"href":"https:\/\/www.tennis-bodenheim.de\/index.php?rest_route=%2Fwp%2Fv2%2Fmedia&parent=105"}],"curies":[{"name":"wp","href":"https:\/\/api.w.org\/{rel}","templated":true}]}}